{"id":719,"date":"2026-01-11T10:48:40","date_gmt":"2026-01-11T09:48:40","guid":{"rendered":"https:\/\/mon-coach.paris\/?page_id=719"},"modified":"2026-01-11T10:56:30","modified_gmt":"2026-01-11T09:56:30","slug":"prise-de-rendez-vous","status":"publish","type":"page","link":"https:\/\/mon-coach.paris\/index.php\/prise-de-rendez-vous\/","title":{"rendered":"Prise de rendez-vous"},"content":{"rendered":"\t\t<div data-elementor-type=\"wp-page\" data-elementor-id=\"719\" class=\"elementor elementor-719\">\n\t\t\t\t\t\t\t\t\t<section class=\"elementor-section elementor-top-section elementor-element elementor-element-63148a6 elementor-section-boxed elementor-section-height-default elementor-section-height-default\" data-id=\"63148a6\" data-element_type=\"section\">\n\t\t\t\t\t\t<div class=\"elementor-container elementor-column-gap-default\">\n\t\t\t\t\t<div class=\"elementor-column elementor-col-100 elementor-top-column elementor-element elementor-element-06129ff\" data-id=\"06129ff\" data-element_type=\"column\">\n\t\t\t<div class=\"elementor-widget-wrap elementor-element-populated\">\n\t\t\t\t\t\t\t\t<div class=\"elementor-element elementor-element-da43b97 elementor-widget elementor-widget-text-editor\" data-id=\"da43b97\" data-element_type=\"widget\" data-widget_type=\"text-editor.default\">\n\t\t\t\t<div class=\"elementor-widget-container\">\n\t\t\t<style>\/*! elementor - v3.6.5 - 27-04-2022 *\/\n.elementor-widget-text-editor.elementor-drop-cap-view-stacked .elementor-drop-cap{background-color:#818a91;color:#fff}.elementor-widget-text-editor.elementor-drop-cap-view-framed .elementor-drop-cap{color:#818a91;border:3px solid;background-color:transparent}.elementor-widget-text-editor:not(.elementor-drop-cap-view-default) .elementor-drop-cap{margin-top:8px}.elementor-widget-text-editor:not(.elementor-drop-cap-view-default) .elementor-drop-cap-letter{width:1em;height:1em}.elementor-widget-text-editor .elementor-drop-cap{float:left;text-align:center;line-height:1;font-size:50px}.elementor-widget-text-editor .elementor-drop-cap-letter{display:inline-block}<\/style>\t\t\t\t<h5 style=\"text-align: center;\"><b><br>Prise de rendez-vous<\/b><\/h5>\t\t\t\t\t\t<\/div>\n\t\t\t\t<\/div>\n\t\t\t\t\t<\/div>\n\t\t<\/div>\n\t\t\t\t\t\t\t<\/div>\n\t\t<\/section>\n\t\t\t\t<section class=\"elementor-section elementor-top-section elementor-element elementor-element-5dcfaf31 elementor-section-boxed elementor-section-height-default elementor-section-height-default\" data-id=\"5dcfaf31\" data-element_type=\"section\">\n\t\t\t\t\t\t<div class=\"elementor-container elementor-column-gap-default\">\n\t\t\t\t\t<div class=\"elementor-column elementor-col-100 elementor-top-column elementor-element elementor-element-13072179\" data-id=\"13072179\" data-element_type=\"column\">\n\t\t\t<div class=\"elementor-widget-wrap elementor-element-populated\">\n\t\t\t\t\t\t\t\t<div class=\"elementor-element elementor-element-3b3668b9 elementor-widget elementor-widget-text-editor\" data-id=\"3b3668b9\" data-element_type=\"widget\" data-widget_type=\"text-editor.default\">\n\t\t\t\t<div class=\"elementor-widget-container\">\n\t\t\t\t\t\t\t<p>Afin de garantir un accompagnement rigoureux et personnalis\u00e9, mon agenda est actuellement complet.<\/p>\n<p>Je fais le choix de ne pas accepter de nouveaux rendez-vous t\u00e9l\u00e9phoniques afin de me consacrer pleinement au suivi des clients en cours.<\/p>\n<p>Je vous remercie pour votre compr\u00e9hension et pour l\u2019int\u00e9r\u00eat port\u00e9 \u00e0 mon accompagnement.<\/p>\n<p>De nouvelles disponibilit\u00e9s pourront \u00eatre envisag\u00e9es lorsque l\u2019agenda le permettra.<\/p>\n<p><br \/>Tristan<\/p>\n<p><!-- \/wp:paragraph --><!-- wp:paragraph --><\/p>\n<p><!-- \/wp:paragraph --><\/p>\t\t\t\t\t\t<\/div>\n\t\t\t\t<\/div>\n\t\t\t\t\t<\/div>\n\t\t<\/div>\n\t\t\t\t\t\t\t<\/div>\n\t\t<\/section>\n\t\t\t\t\t\t\t<\/div>\n\t\t","protected":false},"excerpt":{"rendered":"<p>Prise de rendez-vous Afin de garantir un accompagnement rigoureux et personnalis\u00e9, mon agenda est actuellement complet. Je fais le choix de ne pas accepter de nouveaux rendez-vous t\u00e9l\u00e9phoniques afin de me consacrer pleinement au suivi des clients en cours. Je vous remercie pour votre compr\u00e9hension et pour l\u2019int\u00e9r\u00eat port\u00e9 \u00e0 mon accompagnement. De nouvelles disponibilit\u00e9s [&hellip;]<\/p>\n","protected":false},"author":1,"featured_media":0,"parent":0,"menu_order":0,"comment_status":"closed","ping_status":"closed","template":"elementor_header_footer","meta":{"footnotes":""},"class_list":["post-719","page","type-page","status-publish","hentry"],"yoast_head":"<!-- This site is optimized with the Yoast SEO plugin v19.6.1 - https:\/\/yoast.com\/wordpress\/plugins\/seo\/ -->\n<title>Prise de rendez-vous - Mon Coach.Paris<\/title>\n<meta name=\"robots\" content=\"index, follow, max-snippet:-1, max-image-preview:large, max-video-preview:-1\" \/>\n<link rel=\"canonical\" href=\"https:\/\/mon-coach.paris\/index.php\/prise-de-rendez-vous\/\" \/>\n<meta property=\"og:locale\" content=\"fr_FR\" \/>\n<meta property=\"og:type\" content=\"article\" \/>\n<meta property=\"og:title\" content=\"Prise de rendez-vous - Mon Coach.Paris\" \/>\n<meta property=\"og:description\" content=\"Prise de rendez-vous Afin de garantir un accompagnement rigoureux et personnalis\u00e9, mon agenda est actuellement complet. Je fais le choix de ne pas accepter de nouveaux rendez-vous t\u00e9l\u00e9phoniques afin de me consacrer pleinement au suivi des clients en cours. Je vous remercie pour votre compr\u00e9hension et pour l\u2019int\u00e9r\u00eat port\u00e9 \u00e0 mon accompagnement. De nouvelles disponibilit\u00e9s [&hellip;]\" \/>\n<meta property=\"og:url\" content=\"https:\/\/mon-coach.paris\/index.php\/prise-de-rendez-vous\/\" \/>\n<meta property=\"og:site_name\" content=\"Mon Coach.Paris\" \/>\n<meta property=\"article:publisher\" content=\"https:\/\/www.facebook.com\/share\/15i2tojWhR\/?mibextid=wwXIfr\" \/>\n<meta property=\"article:modified_time\" content=\"2026-01-11T09:56:30+00:00\" \/>\n<meta name=\"twitter:card\" content=\"summary_large_image\" \/>\n<meta name=\"twitter:label1\" content=\"Dur\u00e9e de lecture estim\u00e9e\" \/>\n\t<meta name=\"twitter:data1\" content=\"1 minute\" \/>\n<script type=\"application\/ld+json\" class=\"yoast-schema-graph\">{\"@context\":\"https:\/\/schema.org\",\"@graph\":[{\"@type\":\"WebPage\",\"@id\":\"https:\/\/mon-coach.paris\/index.php\/prise-de-rendez-vous\/\",\"url\":\"https:\/\/mon-coach.paris\/index.php\/prise-de-rendez-vous\/\",\"name\":\"Prise de rendez-vous - Mon Coach.Paris\",\"isPartOf\":{\"@id\":\"https:\/\/mon-coach.paris\/#website\"},\"datePublished\":\"2026-01-11T09:48:40+00:00\",\"dateModified\":\"2026-01-11T09:56:30+00:00\",\"breadcrumb\":{\"@id\":\"https:\/\/mon-coach.paris\/index.php\/prise-de-rendez-vous\/#breadcrumb\"},\"inLanguage\":\"fr-FR\",\"potentialAction\":[{\"@type\":\"ReadAction\",\"target\":[\"https:\/\/mon-coach.paris\/index.php\/prise-de-rendez-vous\/\"]}]},{\"@type\":\"BreadcrumbList\",\"@id\":\"https:\/\/mon-coach.paris\/index.php\/prise-de-rendez-vous\/#breadcrumb\",\"itemListElement\":[{\"@type\":\"ListItem\",\"position\":1,\"name\":\"Accueil\",\"item\":\"https:\/\/mon-coach.paris\/\"},{\"@type\":\"ListItem\",\"position\":2,\"name\":\"Prise de rendez-vous\"}]},{\"@type\":\"WebSite\",\"@id\":\"https:\/\/mon-coach.paris\/#website\",\"url\":\"https:\/\/mon-coach.paris\/\",\"name\":\"Mon Coach.Paris\",\"description\":\"R\u00e9v\u00e8le ton potentiel !\",\"publisher\":{\"@id\":\"https:\/\/mon-coach.paris\/#organization\"},\"potentialAction\":[{\"@type\":\"SearchAction\",\"target\":{\"@type\":\"EntryPoint\",\"urlTemplate\":\"https:\/\/mon-coach.paris\/?s={search_term_string}\"},\"query-input\":\"required name=search_term_string\"}],\"inLanguage\":\"fr-FR\"},{\"@type\":\"Organization\",\"@id\":\"https:\/\/mon-coach.paris\/#organization\",\"name\":\"Mon Coach.Paris\",\"url\":\"https:\/\/mon-coach.paris\/\",\"sameAs\":[\"https:\/\/www.instagram.com\/tristan_seb\/\",\"https:\/\/www.tiktok.com\/tristan.coach?_t=ZN-8wBw9kPSmH8&amp;amp;ampamp_r=1\",\"https:\/\/www.facebook.com\/share\/15i2tojWhR\/?mibextid=wwXIfr\"],\"logo\":{\"@type\":\"ImageObject\",\"inLanguage\":\"fr-FR\",\"@id\":\"https:\/\/mon-coach.paris\/#\/schema\/logo\/image\/\",\"url\":\"https:\/\/mon-coach.paris\/wp-content\/uploads\/2022\/04\/LOGO-coach-1.png\",\"contentUrl\":\"https:\/\/mon-coach.paris\/wp-content\/uploads\/2022\/04\/LOGO-coach-1.png\",\"width\":500,\"height\":500,\"caption\":\"Mon Coach.Paris\"},\"image\":{\"@id\":\"https:\/\/mon-coach.paris\/#\/schema\/logo\/image\/\"}}]}<\/script>\n<!-- \/ Yoast SEO plugin. -->","yoast_head_json":{"title":"Prise de rendez-vous - Mon Coach.Paris","robots":{"index":"index","follow":"follow","max-snippet":"max-snippet:-1","max-image-preview":"max-image-preview:large","max-video-preview":"max-video-preview:-1"},"canonical":"https:\/\/mon-coach.paris\/index.php\/prise-de-rendez-vous\/","og_locale":"fr_FR","og_type":"article","og_title":"Prise de rendez-vous - Mon Coach.Paris","og_description":"Prise de rendez-vous Afin de garantir un accompagnement rigoureux et personnalis\u00e9, mon agenda est actuellement complet. Je fais le choix de ne pas accepter de nouveaux rendez-vous t\u00e9l\u00e9phoniques afin de me consacrer pleinement au suivi des clients en cours. Je vous remercie pour votre compr\u00e9hension et pour l\u2019int\u00e9r\u00eat port\u00e9 \u00e0 mon accompagnement. De nouvelles disponibilit\u00e9s [&hellip;]","og_url":"https:\/\/mon-coach.paris\/index.php\/prise-de-rendez-vous\/","og_site_name":"Mon Coach.Paris","article_publisher":"https:\/\/www.facebook.com\/share\/15i2tojWhR\/?mibextid=wwXIfr","article_modified_time":"2026-01-11T09:56:30+00:00","twitter_card":"summary_large_image","twitter_misc":{"Dur\u00e9e de lecture estim\u00e9e":"1 minute"},"schema":{"@context":"https:\/\/schema.org","@graph":[{"@type":"WebPage","@id":"https:\/\/mon-coach.paris\/index.php\/prise-de-rendez-vous\/","url":"https:\/\/mon-coach.paris\/index.php\/prise-de-rendez-vous\/","name":"Prise de rendez-vous - Mon Coach.Paris","isPartOf":{"@id":"https:\/\/mon-coach.paris\/#website"},"datePublished":"2026-01-11T09:48:40+00:00","dateModified":"2026-01-11T09:56:30+00:00","breadcrumb":{"@id":"https:\/\/mon-coach.paris\/index.php\/prise-de-rendez-vous\/#breadcrumb"},"inLanguage":"fr-FR","potentialAction":[{"@type":"ReadAction","target":["https:\/\/mon-coach.paris\/index.php\/prise-de-rendez-vous\/"]}]},{"@type":"BreadcrumbList","@id":"https:\/\/mon-coach.paris\/index.php\/prise-de-rendez-vous\/#breadcrumb","itemListElement":[{"@type":"ListItem","position":1,"name":"Accueil","item":"https:\/\/mon-coach.paris\/"},{"@type":"ListItem","position":2,"name":"Prise de rendez-vous"}]},{"@type":"WebSite","@id":"https:\/\/mon-coach.paris\/#website","url":"https:\/\/mon-coach.paris\/","name":"Mon Coach.Paris","description":"R\u00e9v\u00e8le ton potentiel !","publisher":{"@id":"https:\/\/mon-coach.paris\/#organization"},"potentialAction":[{"@type":"SearchAction","target":{"@type":"EntryPoint","urlTemplate":"https:\/\/mon-coach.paris\/?s={search_term_string}"},"query-input":"required name=search_term_string"}],"inLanguage":"fr-FR"},{"@type":"Organization","@id":"https:\/\/mon-coach.paris\/#organization","name":"Mon Coach.Paris","url":"https:\/\/mon-coach.paris\/","sameAs":["https:\/\/www.instagram.com\/tristan_seb\/","https:\/\/www.tiktok.com\/tristan.coach?_t=ZN-8wBw9kPSmH8&amp;amp;ampamp_r=1","https:\/\/www.facebook.com\/share\/15i2tojWhR\/?mibextid=wwXIfr"],"logo":{"@type":"ImageObject","inLanguage":"fr-FR","@id":"https:\/\/mon-coach.paris\/#\/schema\/logo\/image\/","url":"https:\/\/mon-coach.paris\/wp-content\/uploads\/2022\/04\/LOGO-coach-1.png","contentUrl":"https:\/\/mon-coach.paris\/wp-content\/uploads\/2022\/04\/LOGO-coach-1.png","width":500,"height":500,"caption":"Mon Coach.Paris"},"image":{"@id":"https:\/\/mon-coach.paris\/#\/schema\/logo\/image\/"}}]}},"_links":{"self":[{"href":"https:\/\/mon-coach.paris\/index.php\/wp-json\/wp\/v2\/pages\/719","targetHints":{"allow":["GET"]}}],"collection":[{"href":"https:\/\/mon-coach.paris\/index.php\/wp-json\/wp\/v2\/pages"}],"about":[{"href":"https:\/\/mon-coach.paris\/index.php\/wp-json\/wp\/v2\/types\/page"}],"author":[{"embeddable":true,"href":"https:\/\/mon-coach.paris\/index.php\/wp-json\/wp\/v2\/users\/1"}],"replies":[{"embeddable":true,"href":"https:\/\/mon-coach.paris\/index.php\/wp-json\/wp\/v2\/comments?post=719"}],"version-history":[{"count":19,"href":"https:\/\/mon-coach.paris\/index.php\/wp-json\/wp\/v2\/pages\/719\/revisions"}],"predecessor-version":[{"id":740,"href":"https:\/\/mon-coach.paris\/index.php\/wp-json\/wp\/v2\/pages\/719\/revisions\/740"}],"wp:attachment":[{"href":"https:\/\/mon-coach.paris\/index.php\/wp-json\/wp\/v2\/media?parent=719"}],"curies":[{"name":"wp","href":"https:\/\/api.w.org\/{rel}","templated":true}]}}